{"id":853,"date":"2017-08-24T02:18:08","date_gmt":"2017-08-24T02:18:08","guid":{"rendered":"https:\/\/www.akar-mekanik.com\/?page_id=853"},"modified":"2021-09-22T13:38:17","modified_gmt":"2021-09-22T13:38:17","slug":"about","status":"publish","type":"page","link":"https:\/\/www.akar-mekanik.com\/tr\/about\/","title":{"rendered":"Hakk\u0131m\u0131zda"},"content":{"rendered":"<div class=\"vc_row wpb_row vc_row-fluid vc_custom_1502071736066 vc_row-has-fill gf-bg-overlay-wrap\">\n                            <div class=\"gf-bg-overlay\" style=\"background-color:rgba(252,252,252,0.95)\"><\/div>\n            \t\t\t\t\t\t\t<div class=\"gf-container container\">\n\t\t\t\t\t\t\t\t<div class=\"wpb_column vc_column_container vc_col-sm-8\"><div class=\"vc_column-inner\"><div class=\"wpb_wrapper\"><div class=\"g5plus-space space-69d0da4a6ad91\" data-id=\"69d0da4a6ad91\" data-tablet=\"30\" data-tablet-portrait=\"20\" data-mobile=\"20\" data-mobile-landscape=\"20\" style=\"clear: both; display: block; height: 30px\"><\/div><div class=\"gf-heading text-center gf-heading-normal\">\n\t\t\t<h5 class=\"heading_title heading-top\"><strong class=\"uppercase\">Biz Kimiz?<\/strong><\/h5>\n\t\t<p class=\"heading_subtitle accent-color\"><\/p>\n\t\t\n<\/div>\n<div class=\"g5plus-space space-69d0da4a6c17b\" data-id=\"69d0da4a6c17b\" data-tablet=\"30\" data-tablet-portrait=\"20\" data-mobile=\"20\" data-mobile-landscape=\"20\" style=\"clear: both; display: block; height: 30px\"><\/div>\n\t<div class=\"wpb_text_column wpb_content_element  vc_custom_1632317863748\" >\n\t\t<div class=\"wpb_wrapper\">\n\t\t\t<p>T\u00fcrkiye\u2019nin d\u00f6rt bir yan\u0131nda katk\u0131da bulundu\u011fu projelerle \u00fclke \u00e7ap\u0131nda mekanik tesisat alan\u0131nda ad\u0131ndan s\u00f6z ettiren Akar Mekanik, 1999'da kuruldu. K\u0131sa s\u00fcrede \u00e7ok say\u0131da \u00fcst ve altyap\u0131 projelerine imza atan \u015firket, \u0130stanbul\u2019un yan\u0131 s\u0131ra Ankara, \u0130zmir, Kayseri, El\u00e2z\u0131\u011f gibi \u015fehirlerde tamamlad\u0131\u011f\u0131 projelerle faaliyetlerini s\u00fcrd\u00fcr\u00fcyor. Otel, rezidans, i\u015f merkezi, al\u0131\u015fveri\u015f merkezi, havaalan\u0131 ve hastane gibi projelerin mekanik tesisat imalatlar\u0131yla \u00f6ne \u00e7\u0131kan \u015firket, i\u015f\u00e7ilik kalitesinin yan\u0131 s\u0131ra etkili ve h\u0131zl\u0131 \u00e7\u00f6z\u00fcmleri nedeniyle de en \u00e7ok tercih edilen \u015firketler aras\u0131nda yer al\u0131yor. Akar Mekanik \u2019in ba\u015far\u0131s\u0131ndaki en \u00f6nemli unsur ise her boyutta ve i\u00e7erikteki projeleri  ba\u015far\u0131yla y\u00f6netme, planlama ve en k\u0131sa s\u00fcrede hayata ge\u00e7irme yetene\u011fi.<\/p>\n<p>M\u00fc\u015fterileri i\u00e7in g\u00fcvenli, konforlu, kaliteli ve estetik projelere katk\u0131da bulunan Akar Mekanik, projelerini taahh\u00fct edilen standart ve ko\u015fullarda, zaman\u0131nda teslim etmesiyle \u00f6ne \u00e7\u0131k\u0131yor. Kurulu\u015fundan bu yana ge\u00e7en s\u00fcre boyunca mekanik tesisat alan\u0131nda m\u00fckemmeliyet ve kalite \u00e7izgisinden ayr\u0131lmadan yoluna devam eden Akar Mekanik, in\u015fa etti\u011fi projelerin ku\u015faklar boyu kullan\u0131lmas\u0131n\u0131 sa\u011flamay\u0131 hedefliyor.<\/p>\n<p>T\u00fcrkiye\u2019nin pek \u00e7ok b\u00f6lgesinde in\u015faat projelerinde mekanik tesisat \u00fcreten Akar Mekanik \u2018in en \u00f6nem verdi\u011fi konular\u0131n ba\u015f\u0131nda, hizmetin ulusal ve uluslararas\u0131 standartlara uygun olarak yap\u0131lmas\u0131 geliyor. Kaliteden taviz vermeden her noktada s\u00fcrekli geli\u015fmeyi felsefe edinen \u015firketin temel prensibi, \u00e7al\u0131\u015fma ko\u015fullar\u0131n\u0131 kalite y\u00f6netim sistemleri \u00e7er\u00e7evesinde olu\u015fturmak...<\/p>\n<p>\u015eantiye ve ofislerde yakla\u015f\u0131k 500\u2019e ula\u015fan \u00e7al\u0131\u015fan\u0131 olan Akar Mekanik \u2018in kendi alanlar\u0131nda uzman m\u00fchendis, formen, end\u00fcstriyel boru montajc\u0131s\u0131 ve kalfalardan olu\u015fan profesyonel kadrosu bulunuyor. \u0130nsan kayna\u011f\u0131 ve teknoloji ile s\u00fcrekli desteklenen y\u00f6netim ve \u00fcretim yakla\u015f\u0131mlar\u0131 kapsam\u0131nda y\u00f6ntemlerini yenilemeyi ama\u00e7 edinen \u015firket, \u00e7al\u0131\u015fanlar\u0131n\u0131n ki\u015fisel geli\u015fimini ve mutlulu\u011funu da \u00f6n planda tutuyor. \u0130\u015f ortaklar\u0131 i\u00e7in g\u00fcven \u00fczerine kurulu, verimlili\u011fi, kalite ve i\u015f g\u00fcvenli\u011fi a\u00e7\u0131s\u0131ndan \u00f6rnek olan Akar Mekanik, tecr\u00fcbeli ve e\u011fitimli \u00e7al\u0131\u015fanlar\u0131yla da sekt\u00f6r\u00fcn \u00f6nc\u00fc \u015firketleri aras\u0131nda yer al\u0131yor.<\/p>\n<p>Faaliyet Alanlar\u0131<\/p>\n<p>\u2022 Is\u0131tma so\u011futma tesisat\u0131<br>\n\u2022 OTO MAT\u0130K Yang\u0131nla m\u00fccadele tesisat\u0131<br>\n\u2022 S\u0131hhi tesisat<br>\n\u2022 Havaland\u0131rma<br>\n\u2022 END\u00dcSR\u0130YEL TES\u0130SAT<\/p>\n\n\t\t<\/div>\n\t<\/div>\n<\/div><\/div><\/div><div class=\"wpb_column vc_column_container vc_col-sm-4\"><div class=\"vc_column-inner\"><div class=\"wpb_wrapper\">\n\t<div  class=\"wpb_single_image wpb_content_element vc_align_left\">\n\t\t\n\t\t<figure class=\"wpb_wrapper vc_figure\">\n\t\t\t<div class=\"vc_single_image-wrapper   vc_box_border_grey\"><img loading=\"lazy\" decoding=\"async\" class=\"vc_single_image-img\" src=\"https:\/\/www.akar-mekanik.com\/wp-content\/uploads\/2021\/09\/akar_who.jpg\" width=\"380\" height=\"640\" alt=\"akar_who\" title=\"akar_who\" \/><\/div>\n\t\t<\/figure>\n\t<\/div>\n<\/div><\/div><\/div>\t\t\t\t\t\t\t<\/div>\n\t\t\t\n\t\t<\/div>\n\t\t<div class=\"vc_row wpb_row vc_row-fluid vc_custom_1502071736066 vc_row-has-fill gf-bg-overlay-wrap\">\n                            <div class=\"gf-bg-overlay\" style=\"background-color:rgba(252,252,252,0.95)\"><\/div>\n            \t\t\t\t\t\t\t<div class=\"gf-container container\">\n\t\t\t\t\t\t\t\t<div class=\"wpb_column vc_column_container vc_col-sm-3\"><div class=\"vc_column-inner\"><div class=\"wpb_wrapper\"><div class=\"g5plus-space space-69d0da4a6f753\" data-id=\"69d0da4a6f753\" data-tablet=\"30\" data-tablet-portrait=\"20\" data-mobile=\"20\" data-mobile-landscape=\"20\" style=\"clear: both; display: block; height: 30px\"><\/div>\n\t<div  class=\"wpb_single_image wpb_content_element vc_align_left\">\n\t\t\n\t\t<figure class=\"wpb_wrapper vc_figure\">\n\t\t\t<div class=\"vc_single_image-wrapper   vc_box_border_grey\"><img loading=\"lazy\" decoding=\"async\" class=\"vc_single_image-img\" src=\"https:\/\/www.akar-mekanik.com\/wp-content\/uploads\/2021\/09\/aboutpg-480x412.jpg\" width=\"480\" height=\"412\" alt=\"Metal industrial air conditioning vent. HVAC. Ventilation fan background.\" title=\"Metal industrial air conditioning vent. HVAC. Ventilation fan background\" \/><\/div>\n\t\t<\/figure>\n\t<\/div>\n<\/div><\/div><\/div><div class=\"wpb_column vc_column_container vc_col-sm-9\"><div class=\"vc_column-inner\"><div class=\"wpb_wrapper\"><div class=\"g5plus-space space-69d0da4a9e0f9\" data-id=\"69d0da4a9e0f9\" data-tablet=\"30\" data-tablet-portrait=\"20\" data-mobile=\"20\" data-mobile-landscape=\"20\" style=\"clear: both; display: block; height: 30px\"><\/div>\n\t<div class=\"wpb_text_column wpb_content_element  vc_custom_1632317898271\" >\n\t\t<div class=\"wpb_wrapper\">\n\t\t\t<p>Tamamlad\u0131\u011f\u0131m\u0131z ve devam eden projelerimize \"Projeler\" sayfas\u0131ndan ula\u015fabilirsiniz.<\/p>\n\n\t\t<\/div>\n\t<\/div>\n<\/div><\/div><\/div>\t\t\t\t\t\t\t<\/div>\n\t\t\t\n\t\t<\/div>","protected":false},"excerpt":{"rendered":"ABOUT US Akar Mekanik, a Mechanical, Electrical and Plumbing company, a premium engineering and general contractor. It provides the skill, expertise, experience and resources essential to meet the demands of today\u2019s fast track projects. Since its inception in 1999, Akar Mekanik has provided fully engineered electromechanical and building service solutions to construction projects. The key [...]","protected":false},"author":1,"featured_media":0,"parent":0,"menu_order":0,"comment_status":"closed","ping_status":"closed","template":"","meta":{"footnotes":""},"class_list":["post-853","page","type-page","status-publish","hentry"],"_links":{"self":[{"href":"https:\/\/www.akar-mekanik.com\/tr\/wp-json\/wp\/v2\/pages\/853","targetHints":{"allow":["GET"]}}],"collection":[{"href":"https:\/\/www.akar-mekanik.com\/tr\/wp-json\/wp\/v2\/pages"}],"about":[{"href":"https:\/\/www.akar-mekanik.com\/tr\/wp-json\/wp\/v2\/types\/page"}],"author":[{"embeddable":true,"href":"https:\/\/www.akar-mekanik.com\/tr\/wp-json\/wp\/v2\/users\/1"}],"replies":[{"embeddable":true,"href":"https:\/\/www.akar-mekanik.com\/tr\/wp-json\/wp\/v2\/comments?post=853"}],"version-history":[{"count":42,"href":"https:\/\/www.akar-mekanik.com\/tr\/wp-json\/wp\/v2\/pages\/853\/revisions"}],"predecessor-version":[{"id":2486,"href":"https:\/\/www.akar-mekanik.com\/tr\/wp-json\/wp\/v2\/pages\/853\/revisions\/2486"}],"wp:attachment":[{"href":"https:\/\/www.akar-mekanik.com\/tr\/wp-json\/wp\/v2\/media?parent=853"}],"curies":[{"name":"wp","href":"https:\/\/api.w.org\/{rel}","templated":true}]}}