{"id":2463,"date":"2021-09-22T11:51:33","date_gmt":"2021-09-22T11:51:33","guid":{"rendered":"https:\/\/www.akar-mekanik.com\/?page_id=2463"},"modified":"2021-09-22T13:39:58","modified_gmt":"2021-09-22T13:39:58","slug":"services","status":"publish","type":"page","link":"https:\/\/www.akar-mekanik.com\/tr\/services\/","title":{"rendered":"FAAL\u0130YET ALANLARI"},"content":{"rendered":"<div class=\"vc_row wpb_row vc_row-fluid\">\n            \t\t\t\t\t\t\t<div class=\"gf-container container\">\n\t\t\t\t\t\t\t\t<div class=\"wpb_column vc_column_container vc_col-sm-12\"><div class=\"vc_column-inner\"><div class=\"wpb_wrapper\"><div class=\"g5plus-space space-69d0d9901c2cc\" data-id=\"69d0d9901c2cc\" data-tablet=\"50\" data-tablet-portrait=\"40\" data-mobile=\"20\" data-mobile-landscape=\"30\" style=\"clear: both; display: block; height: 60px\"><\/div>\n\t<div class=\"wpb_text_column wpb_content_element\" >\n\t\t<div class=\"wpb_wrapper\">\n\t\t\t<p>Akar Mekanik olarak Mekanik, Elektrik ve S\u0131hhi Tesisat (MEP) alan\u0131ndaki tecr\u00fcbemizi, uygulanabilir \u00e7\u00f6z\u00fcmler sa\u011flamak \u00fczerine in\u015fa ediyoruz. \u015eirket olarak, m\u00fc\u015fterinin amac\u0131na ve b\u00fct\u00e7elerine m\u00fckemmel uyan \u00e7\u00f6z\u00fcmler geli\u015ftirmeye odaklan\u0131yoruz.<\/p>\n<p>Akar Mekanik'in sundu\u011fu hizmet yelpazesi \u0131s\u0131tma, havaland\u0131rma, iklimlendirme, so\u011futma, s\u0131hhi tesisat, yang\u0131ndan korunma ve elektrik da\u011f\u0131t\u0131m sistemlerini kaps\u0131yor.<\/p>\n\n\t\t<\/div>\n\t<\/div>\n<div class=\"g5plus-space space-69d0d9901c943\" data-id=\"69d0d9901c943\" data-tablet=\"33\" data-tablet-portrait=\"33\" data-mobile=\"20\" data-mobile-landscape=\"30\" style=\"clear: both; display: block; height: 22px\"><\/div><div class=\"gf-our-service clearfix\">\n\t<div data-isotope-wrapper=\"true\" data-items-wrapper class=\"gf-our-service-wrap clearfix\">\n\t\t<div data-isotope-options='{\"itemSelector\":\"article\",\"layoutMode\":\"fitRows\"}' data-items-container=\"true\" class=\"gf-our-service-inner clearfix layout-grid gf-gutter-30 isotope\">\n\t\t<article class=\"clearfix our-service-default our-service-grid col-lg-4 col-md-6 col-sm-12 col-xs-12 col-mb-12 post-2458 our_service type-our_service status-publish has-post-thumbnail hentry\">\n\t<div  class=\"our-service-item-inner clearfix  gf_animate_when_almost_visible bottom-to-top\">\n\t\t<div class=\"entry-thumbnail\">\n\t\t\n    \n\n\n\t\t\t\t\t\t\t\t<a style=\"background-image: url(https:\/\/www.akar-mekanik.com\/wp-content\/uploads\/2021\/09\/hvac-270x350.jpg);\" class=\"entry-thumbnail-overlay placeholder-image thumbnail-size-270x350\" href=\"https:\/\/www.akar-mekanik.com\/tr\/all-services\/hvac-engineering-services\/\" title=\"HVAC M\u00dcHEND\u0130SL\u0130K H\u0130ZMETLER\u0130\"><\/a>\n\t\t\t<\/div>\n\n\n\t\t<div class=\"our-service-content\">\n\t\t\t<div class=\"our-service-title-wrap\">\n\t\t\t\t<h4 class=\"gsf-our-service-title uppercase letter-spacing-03 fs-17\"><a title=\"HVAC M\u00dcHEND\u0130SL\u0130K H\u0130ZMETLER\u0130\"\n\t\t\t\t\t\t\t\t\t\t\t\t\t\t\t\t\t\t  href=\"https:\/\/www.akar-mekanik.com\/tr\/all-services\/hvac-engineering-services\/\">HVAC M\u00dcHEND\u0130SL\u0130K H\u0130ZMETLER\u0130<\/a>\n<\/h4>\t\t\t\t\t\t\t<\/div>\n\t\t\t<div class=\"our-service-excerpt\">\n\t\t\t\t<p>\u0130\u015fletmenizin iklimsel \u00e7al\u0131\u015fma ortam\u0131n\u0131 ustal\u0131kla y\u00f6netmek i\u00e7in otomatik kontrol sistemleri de dahil olmak \u00fczere HVAC (Is\u0131tma, havaland\u0131rma &amp; iklimlendirme) sistemleri sa\u011fl\u0131yoruz. Akar Mekanik, i\u015fletmeniz i\u00e7in eksiksiz bir \u00e7evresel \u00e7\u00f6z\u00fcm sa\u011flayan deneyimli bir HVAC uzman\u0131d\u0131r.<\/p>\n\t\t\t<\/div>\n\t\t\t<a href=\"https:\/\/www.akar-mekanik.com\/tr\/all-services\/hvac-engineering-services\/\" class=\"btn-read-more accent-color fs-14 heading_font\">\n\t\t\t\tDevam\u0131 \u25ba\t\t\t\t<i class=\"fa fa-long-arrow-right\"><\/i>\n\t\t\t<\/a>\n\t\t<\/div>\n\t<\/div>\n<\/article><article class=\"clearfix our-service-default our-service-grid col-lg-4 col-md-6 col-sm-12 col-xs-12 col-mb-12 post-2459 our_service type-our_service status-publish has-post-thumbnail hentry\">\n\t<div  class=\"our-service-item-inner clearfix  gf_animate_when_almost_visible bottom-to-top\">\n\t\t<div class=\"entry-thumbnail\">\n\t\t\n    \n\n\n\t\t\t\t\t\t\t\t<a style=\"background-image: url(https:\/\/www.akar-mekanik.com\/wp-content\/uploads\/2021\/09\/hvac-1-270x350.jpg);\" class=\"entry-thumbnail-overlay placeholder-image thumbnail-size-270x350\" href=\"https:\/\/www.akar-mekanik.com\/tr\/all-services\/plumbing-engineering-services\/\" title=\"SIHH\u0130 TES\u0130SAT M\u00dcHEND\u0130SL\u0130\u011e\u0130\"><\/a>\n\t\t\t<\/div>\n\n\n\t\t<div class=\"our-service-content\">\n\t\t\t<div class=\"our-service-title-wrap\">\n\t\t\t\t<h4 class=\"gsf-our-service-title uppercase letter-spacing-03 fs-17\"><a title=\"SIHH\u0130 TES\u0130SAT M\u00dcHEND\u0130SL\u0130\u011e\u0130\"\n\t\t\t\t\t\t\t\t\t\t\t\t\t\t\t\t\t\t  href=\"https:\/\/www.akar-mekanik.com\/tr\/all-services\/plumbing-engineering-services\/\">SIHH\u0130 TES\u0130SAT M\u00dcHEND\u0130SL\u0130\u011e\u0130<\/a>\n<\/h4>\t\t\t\t\t\t\t<\/div>\n\t\t\t<div class=\"our-service-excerpt\">\n\t\t\t\t<p>S\u0131hhi tesisat hizmetleri ekibimiz, s\u0131hhi tesisat, su temini, drenaj, y\u00fczme havuzu filtreleme sistemleri ve yang\u0131nla m\u00fccadele i\u015flerinin t\u00fcm y\u00f6nlerini ele almaktad\u0131r. Analizler sunabiliyor, alternatifler \u00f6nerebiliyor ve b\u00f6ylece m\u00fc\u015fteriye \u00f6zel ihtiya\u00e7lara cevap verebilen ve ayn\u0131 zamanda do\u011fal kaynaklar\u0131n korunmas\u0131na yard\u0131mc\u0131 olan y\u00fcksek i\u015flevli sistemler sa\u011flayabiliyoruz.<\/p>\n\t\t\t<\/div>\n\t\t\t<a href=\"https:\/\/www.akar-mekanik.com\/tr\/all-services\/plumbing-engineering-services\/\" class=\"btn-read-more accent-color fs-14 heading_font\">\n\t\t\t\tDevam\u0131 \u25ba\t\t\t\t<i class=\"fa fa-long-arrow-right\"><\/i>\n\t\t\t<\/a>\n\t\t<\/div>\n\t<\/div>\n<\/article><article class=\"clearfix our-service-default our-service-grid col-lg-4 col-md-6 col-sm-12 col-xs-12 col-mb-12 post-2460 our_service type-our_service status-publish has-post-thumbnail hentry\">\n\t<div  class=\"our-service-item-inner clearfix  gf_animate_when_almost_visible bottom-to-top\">\n\t\t<div class=\"entry-thumbnail\">\n\t\t\n    \n\n\n\t\t\t\t\t\t\t\t<a style=\"background-image: url(https:\/\/www.akar-mekanik.com\/wp-content\/uploads\/2021\/09\/electo-270x350.jpg);\" class=\"entry-thumbnail-overlay placeholder-image thumbnail-size-270x350\" href=\"https:\/\/www.akar-mekanik.com\/tr\/all-services\/electrical-engineering-services\/\" title=\"ELEKTR\u0130K M\u00dcHEND\u0130SL\u0130\u011e\u0130 H\u0130ZMETLER\u0130\"><\/a>\n\t\t\t<\/div>\n\n\n\t\t<div class=\"our-service-content\">\n\t\t\t<div class=\"our-service-title-wrap\">\n\t\t\t\t<h4 class=\"gsf-our-service-title uppercase letter-spacing-03 fs-17\"><a title=\"ELEKTR\u0130K M\u00dcHEND\u0130SL\u0130\u011e\u0130 H\u0130ZMETLER\u0130\"\n\t\t\t\t\t\t\t\t\t\t\t\t\t\t\t\t\t\t  href=\"https:\/\/www.akar-mekanik.com\/tr\/all-services\/electrical-engineering-services\/\">ELEKTR\u0130K M\u00dcHEND\u0130SL\u0130\u011e\u0130 H\u0130ZMETLER\u0130<\/a>\n<\/h4>\t\t\t\t\t\t\t<\/div>\n\t\t\t<div class=\"our-service-excerpt\">\n\t\t\t\t<p>Fizibilite \u00e7al\u0131\u015fmas\u0131ndan kuruluma kadar eksiksiz bir hizmet sunuyoruz. Yenilik\u00e7i \u00e7\u00f6z\u00fcmler sa\u011flama yetene\u011fimiz etraf\u0131nda in\u015fa edilmi\u015f uzun s\u00fcreli ili\u015fkiler sundu\u011fumuz bir\u00e7ok b\u00f6lgede y\u00fcksek profilli m\u00fc\u015fteriler i\u00e7in m\u00fcteahhit stat\u00fcs\u00fcn\u00fc tercih ettik. Ayr\u0131ca, \u00f6zel olarak proje \u00e7al\u0131\u015fmalar\u0131n\u0131 y\u00fcr\u00fctt\u00fc\u011f\u00fcm\u00fcz, tercih edilen bir y\u00fcklenici olarak tasar\u0131m ekipleriyle yak\u0131n \u00e7al\u0131\u015f\u0131yoruz.<\/p>\n\t\t\t<\/div>\n\t\t\t<a href=\"https:\/\/www.akar-mekanik.com\/tr\/all-services\/electrical-engineering-services\/\" class=\"btn-read-more accent-color fs-14 heading_font\">\n\t\t\t\tDevam\u0131 \u25ba\t\t\t\t<i class=\"fa fa-long-arrow-right\"><\/i>\n\t\t\t<\/a>\n\t\t<\/div>\n\t<\/div>\n<\/article><article class=\"clearfix our-service-default our-service-grid col-lg-4 col-md-6 col-sm-12 col-xs-12 col-mb-12 post-2461 our_service type-our_service status-publish has-post-thumbnail hentry\">\n\t<div  class=\"our-service-item-inner clearfix  gf_animate_when_almost_visible bottom-to-top\">\n\t\t<div class=\"entry-thumbnail\">\n\t\t\n    \n\n\n\t\t\t\t\t\t\t\t<a style=\"background-image: url(https:\/\/www.akar-mekanik.com\/wp-content\/uploads\/2021\/09\/mepfull-270x350.jpg);\" class=\"entry-thumbnail-overlay placeholder-image thumbnail-size-270x350\" href=\"https:\/\/www.akar-mekanik.com\/tr\/all-services\/full-mep-installation-works\/\" title=\"KOMPLE MEP KURULUMU\"><\/a>\n\t\t\t<\/div>\n\n\n\t\t<div class=\"our-service-content\">\n\t\t\t<div class=\"our-service-title-wrap\">\n\t\t\t\t<h4 class=\"gsf-our-service-title uppercase letter-spacing-03 fs-17\"><a title=\"KOMPLE MEP KURULUMU\"\n\t\t\t\t\t\t\t\t\t\t\t\t\t\t\t\t\t\t  href=\"https:\/\/www.akar-mekanik.com\/tr\/all-services\/full-mep-installation-works\/\">KOMPLE MEP KURULUMU<\/a>\n<\/h4>\t\t\t\t\t\t\t<\/div>\n\t\t\t<div class=\"our-service-excerpt\">\n\t\t\t\t<p>B\u00fcy\u00fck konut, ticari ve end\u00fcstriyel sekt\u00f6r projelerine kadar her seviyede karma\u015f\u0131k MEP projeleri \u00fcstlenebiliyoruz. \u0130n\u015faat a\u015famas\u0131 boyunca hem zamandan hem de maliyetten tasarruf sa\u011flayan son teknoloji kurulumlar sa\u011flamak i\u00e7in en yenilik\u00e7i ve enerji verimli \u00fcr\u00fcnleri kullanarak m\u00fc\u015fterilerimize eksiksiz bir MEP ve yap\u0131 hizmeti sunuyoruz.<\/p>\n\t\t\t<\/div>\n\t\t\t<a href=\"https:\/\/www.akar-mekanik.com\/tr\/all-services\/full-mep-installation-works\/\" class=\"btn-read-more accent-color fs-14 heading_font\">\n\t\t\t\tDevam\u0131 \u25ba\t\t\t\t<i class=\"fa fa-long-arrow-right\"><\/i>\n\t\t\t<\/a>\n\t\t<\/div>\n\t<\/div>\n<\/article><article class=\"clearfix our-service-default our-service-grid col-lg-4 col-md-6 col-sm-12 col-xs-12 col-mb-12 post-2462 our_service type-our_service status-publish has-post-thumbnail hentry\">\n\t<div  class=\"our-service-item-inner clearfix  gf_animate_when_almost_visible bottom-to-top\">\n\t\t<div class=\"entry-thumbnail\">\n\t\t\n    \n\n\n\t\t\t\t\t\t\t\t<a style=\"background-image: url(https:\/\/www.akar-mekanik.com\/wp-content\/uploads\/2021\/09\/meintenance-270x350.jpg);\" class=\"entry-thumbnail-overlay placeholder-image thumbnail-size-270x350\" href=\"https:\/\/www.akar-mekanik.com\/tr\/all-services\/maintenance-and-aftersales-contracts\/\" title=\"BAKIM VE ONARIM S\u00d6ZLE\u015eMES\u0130\"><\/a>\n\t\t\t<\/div>\n\n\n\t\t<div class=\"our-service-content\">\n\t\t\t<div class=\"our-service-title-wrap\">\n\t\t\t\t<h4 class=\"gsf-our-service-title uppercase letter-spacing-03 fs-17\"><a title=\"BAKIM VE ONARIM S\u00d6ZLE\u015eMES\u0130\"\n\t\t\t\t\t\t\t\t\t\t\t\t\t\t\t\t\t\t  href=\"https:\/\/www.akar-mekanik.com\/tr\/all-services\/maintenance-and-aftersales-contracts\/\">BAKIM VE ONARIM S\u00d6ZLE\u015eMES\u0130<\/a>\n<\/h4>\t\t\t\t\t\t\t<\/div>\n\t\t\t<div class=\"our-service-excerpt\">\n\t\t\t\t<p>Son derece ba\u015far\u0131l\u0131 bir bak\u0131m hizmetleri \u015firketiyiz, yat\u0131r\u0131m\u0131n\u0131z\u0131 korumak i\u00e7in sizinle birlikte \u00e7al\u0131\u015faca\u011f\u0131z. Akar Mekanik, bir\u00e7ok i\u015f sekt\u00f6r\u00fcnde \u00e7ok \u00e7e\u015fitli m\u00fc\u015fteriler taraf\u0131ndan g\u00fcvenilen, kritik operasyonel tesislere en y\u00fcksek kalitede deste\u011fi sunuyoruz. \u00c7e\u015fitli sekt\u00f6rlerde hem reaktif hem de planl\u0131 \u00f6nleyici bak\u0131m hizmetleri sunuyoruz.<\/p>\n\t\t\t<\/div>\n\t\t\t<a href=\"https:\/\/www.akar-mekanik.com\/tr\/all-services\/maintenance-and-aftersales-contracts\/\" class=\"btn-read-more accent-color fs-14 heading_font\">\n\t\t\t\tDevam\u0131 \u25ba\t\t\t\t<i class=\"fa fa-long-arrow-right\"><\/i>\n\t\t\t<\/a>\n\t\t<\/div>\n\t<\/div>\n<\/article>\t<\/div>\n\t<\/div><\/div><\/div><\/div><\/div>\t\t\t\t\t\t\t<\/div>\n\t\t\t\n\t\t<\/div>","protected":false},"excerpt":{"rendered":"We are a highly successful maintenance services company will work with you to protect your investment. Akar Mekanik Trusted by a diverse range of clients, across many business sectors, we deliver the highest quality support to critical operational facilities. We provide both reactive and planned preventative maintenance services across a range of market sectors including [...]","protected":false},"author":1,"featured_media":0,"parent":0,"menu_order":0,"comment_status":"closed","ping_status":"closed","template":"","meta":{"footnotes":""},"class_list":["post-2463","page","type-page","status-publish","hentry"],"_links":{"self":[{"href":"https:\/\/www.akar-mekanik.com\/tr\/wp-json\/wp\/v2\/pages\/2463","targetHints":{"allow":["GET"]}}],"collection":[{"href":"https:\/\/www.akar-mekanik.com\/tr\/wp-json\/wp\/v2\/pages"}],"about":[{"href":"https:\/\/www.akar-mekanik.com\/tr\/wp-json\/wp\/v2\/types\/page"}],"author":[{"embeddable":true,"href":"https:\/\/www.akar-mekanik.com\/tr\/wp-json\/wp\/v2\/users\/1"}],"replies":[{"embeddable":true,"href":"https:\/\/www.akar-mekanik.com\/tr\/wp-json\/wp\/v2\/comments?post=2463"}],"version-history":[{"count":8,"href":"https:\/\/www.akar-mekanik.com\/tr\/wp-json\/wp\/v2\/pages\/2463\/revisions"}],"predecessor-version":[{"id":2489,"href":"https:\/\/www.akar-mekanik.com\/tr\/wp-json\/wp\/v2\/pages\/2463\/revisions\/2489"}],"wp:attachment":[{"href":"https:\/\/www.akar-mekanik.com\/tr\/wp-json\/wp\/v2\/media?parent=2463"}],"curies":[{"name":"wp","href":"https:\/\/api.w.org\/{rel}","templated":true}]}}